{"id":10591,"date":"2019-06-07T10:23:53","date_gmt":"2019-06-07T15:23:53","guid":{"rendered":"http:\/\/demo.thimpress.com\/eduma\/?page_id=12"},"modified":"2025-09-23T07:39:07","modified_gmt":"2025-09-23T12:39:07","slug":"home","status":"publish","type":"page","link":"https:\/\/codinsem.edu.co\/web\/","title":{"rendered":"Inicio"},"content":{"rendered":"<div class=\"wpb-content-wrapper\"><p>[vc_row full_width=\u00bbstretch_row\u00bb css=\u00bb.vc_custom_1648825889616{margin-bottom: 0px !important;}\u00bb][vc_column][rev_slider_vc alias=\u00bbhome-page\u00bb][\/vc_column][\/vc_row][vc_row css=\u00bb.vc_custom_1705000783120{margin-top: -90px !important;background-color: #eee0cd !important;}\u00bb el_class=\u00bbrow_relative\u00bb][vc_column width=\u00bb2\/3&#8243; css=\u00bb.vc_custom_1532058844902{padding-top: 0px !important;}\u00bb][vc_row_inner css=\u00bb.vc_custom_1532058886594{margin-bottom: 0px !important;padding-top: 35px !important;padding-right: 20px !important;padding-bottom: 30px !important;padding-left: 20px !important;}\u00bb][vc_column_inner width=\u00bb1\/3&#8243;]<div class=\"thim-widget-icon-box template-base\"><div class=\"wrapper-box-icon text-left \" ><div class=\"smicon-box iconbox-left\" style=\"--icon-font-size:48px;--icon-color:#dd6c30;--icon-width: 60px;--icon-height: 55px;--icon-color-hover:#353866;\"><div class=\"boxes-icon\"><a class=\"icon-box-link\" target=\"_self\" href=\"#\"><span class=\"inner-icon\"><span class=\"icon\"><i class=\"fas fa-briefcase\"\"><\/i><\/span><\/span><\/span><\/a><\/div><div class=\"content-inner\"><div class=\"sc-heading article_heading\"><h3 class = \"heading__primary\" style=\"--title-color: #2ec4b6;--title-font-size: 18px;--title-font-weight: 400;--title-margin-bottom: 5px;\"><a class=\"icon-box-link\" target=\"_self\" href=\"#\" >MODALIDADES T\u00c9CNICAS<\/a><\/h3><\/div><\/div><\/div><\/div><\/div>[\/vc_column_inner][vc_column_inner width=\u00bb1\/3&#8243;]<div class=\"thim-widget-icon-box template-base\"><div class=\"wrapper-box-icon text-left \" ><div class=\"smicon-box iconbox-left\" style=\"--icon-font-size:48px;--icon-color:#dd6c30;--icon-width: 60px;--icon-height: 55px;--icon-color-hover:#353866;\"><div class=\"boxes-icon\"><a class=\"icon-box-link\" target=\"_self\" href=\"#\"><span class=\"inner-icon\"><span class=\"icon\"><i class=\"ion-ios-book-outline\"\"><\/i><\/span><\/span><\/span><\/a><\/div><div class=\"content-inner\"><div class=\"sc-heading article_heading\"><h3 class = \"heading__primary\" style=\"--title-color: #2ec4b6;--title-font-size: 18px;--title-font-weight: 400;--title-margin-bottom: 5px;\"><a class=\"icon-box-link\" target=\"_self\" href=\"#\" >EDUCACI\u00d3N<\/a><\/h3><\/div><div class=\"desc-icon-box\"><div class=\"desc-content\" style=\"color: #292929;font-size: 16px;font-weight: 300;line-height: 23px;\">Preescolar y Primaria<\/div><\/div><\/div><\/div><\/div><\/div>[\/vc_column_inner][vc_column_inner width=\u00bb1\/3&#8243;]<div class=\"thim-widget-icon-box template-base\"><div class=\"wrapper-box-icon text-left \" ><div class=\"smicon-box iconbox-left\" style=\"--icon-font-size:48px;--icon-color:#dd6c30;--icon-width: 60px;--icon-height: 55px;--icon-color-hover:#353866;\"><div class=\"boxes-icon\"><a class=\"icon-box-link\" target=\"_self\" href=\"#\"><span class=\"inner-icon\"><span class=\"icon\"><i class=\"ion-ios-basketball-outline\"\"><\/i><\/span><\/span><\/span><\/a><\/div><div class=\"content-inner\"><div class=\"sc-heading article_heading\"><h3 class = \"heading__primary\" style=\"--title-color: #2ec4b6;--title-font-size: 18px;--title-font-weight: 400;--title-margin-bottom: 5px;\"><a class=\"icon-box-link\" target=\"_self\" href=\"#\" >EDUCACI\u00d3N<\/a><\/h3><\/div><div class=\"desc-icon-box\"><div class=\"desc-content\" style=\"color: #292929;font-size: 16px;font-weight: 300;line-height: 23px;\">Secundaria y Media<\/div><\/div><\/div><\/div><\/div><\/div>[\/vc_column_inner][\/vc_row_inner][\/vc_column][vc_column width=\u00bb1\/3&#8243; el_class=\u00bbfeature-icon-box\u00bb css=\u00bb.vc_custom_1532058945916{padding-top: 35px !important;padding-right: 0px !important;padding-bottom: 33px !important;padding-left: 30px !important;}\u00bb]<div class=\"thim-widget-icon-box template-base\"><div class=\"wrapper-box-icon text-left \" ><div class=\"smicon-box iconbox-right\" style=\"--icon-font-size:38px;--icon-color:#ffffff;--icon-width: 80px;--icon-height: 42px;--icon-color-hover:#353866;\"><div class=\"boxes-icon\"><a class=\"icon-box-link\" target=\"_self\" href=\"https:\/\/codinsem.edu.co\/web\/#\"><span class=\"inner-icon\"><span class=\"icon\"><i class=\"fas fa-graduation-cap\"\"><\/i><\/span><\/span><\/span><\/a><\/div><div class=\"content-inner\"><div class=\"sc-heading article_heading\"><h3 class = \"heading__primary\" style=\"--title-color: #ffffff;--title-font-size: 20px;--title-font-weight: 500;--title-margin-bottom: 5px;\"><a class=\"icon-box-link\" target=\"_self\" href=\"https:\/\/codinsem.edu.co\/web\/#\" >REGISTRO DE EGRESADOS<\/a><\/h3><\/div><div class=\"desc-icon-box\"><div class=\"desc-content\" style=\"color: #ffffff;font-size: 16px;font-weight: 300;line-height: 23px;\">Actualizaci\u00f3n de Datos<\/div><\/div><\/div><\/div><\/div><\/div>[\/vc_column][\/vc_row][vc_row disable_element=\u00bbyes\u00bb css=\u00bb.vc_custom_1705000774457{margin-top: -90px !important;background-color: #eee0cd !important;}\u00bb el_class=\u00bbrow_relative\u00bb][vc_column width=\u00bb2\/3&#8243; css=\u00bb.vc_custom_1532058844902{padding-top: 0px !important;}\u00bb][vc_row_inner css=\u00bb.vc_custom_1532058886594{margin-bottom: 0px !important;padding-top: 35px !important;padding-right: 20px !important;padding-bottom: 30px !important;padding-left: 20px !important;}\u00bb][vc_column_inner width=\u00bb1\/2&#8243;]<div class=\"thim-widget-icon-box template-base\"><div class=\"wrapper-box-icon text-left \" ><div class=\"smicon-box iconbox-left\" style=\"--icon-font-size:48px;--icon-color:#dd6c30;--icon-width: 60px;--icon-height: 55px;--icon-color-hover:#dd6c30;\"><div class=\"boxes-icon\"><a class=\"icon-box-link\" target=\"_self\" href=\"#\"><span class=\"inner-icon\"><span class=\"icon\"><i class=\"fas fa-user-clock\"\"><\/i><\/span><\/span><\/span><\/a><\/div><div class=\"content-inner\"><div class=\"sc-heading article_heading\"><h3 class = \"heading__primary\" style=\"--title-color: #2ec4b6;--title-font-size: 18px;--title-font-weight: 400;--title-margin-bottom: 5px;\"><a class=\"icon-box-link\" target=\"_self\" href=\"#\" >INSCRIPCIONES ABIERTAS<\/a><\/h3><\/div><div class=\"desc-icon-box\"><div class=\"desc-content\" style=\"color: #292929;font-size: 16px;font-weight: 300;line-height: 23px;\">Septiembre 01al 15 de 2023<\/div><\/div><\/div><\/div><\/div><\/div>[\/vc_column_inner][vc_column_inner width=\u00bb1\/2&#8243;]<div class=\"thim-widget-icon-box template-base\"><div class=\"wrapper-box-icon text-left \" ><div class=\"smicon-box iconbox-left\" style=\"--icon-font-size:48px;--icon-color:#ff0000;--icon-width: 60px;--icon-height: 55px;--icon-color-hover:#ff2b2b;\"><div class=\"boxes-icon\"><a class=\"icon-box-link\" target=\"_blank\" href=\"https:\/\/web.facebook.com\/watch\/?v=2012300872447606\"><span class=\"inner-icon\"><span class=\"icon\"><i class=\"fab fa-youtube\"\"><\/i><\/span><\/span><\/span><\/a><\/div><div class=\"content-inner\"><div class=\"sc-heading article_heading\"><h3 class = \"heading__primary\" style=\"--title-color: #2ec4b6;--title-font-size: 18px;--title-font-weight: 400;--title-margin-bottom: 5px;\"><a class=\"icon-box-link\" target=\"_blank\" href=\"https:\/\/web.facebook.com\/watch\/?v=2012300872447606\" >INSTRUCCIONES<\/a><\/h3><\/div><div class=\"desc-icon-box\"><div class=\"desc-content\" style=\"color: #292929;font-size: 16px;font-weight: 300;line-height: 23px;\">Videotutorial en Youtube<\/div><\/div><\/div><\/div><\/div><\/div>[\/vc_column_inner][\/vc_row_inner][\/vc_column][vc_column width=\u00bb1\/3&#8243; el_class=\u00bbfeature-icon-box\u00bb css=\u00bb.vc_custom_1532058945916{padding-top: 35px !important;padding-right: 0px !important;padding-bottom: 33px !important;padding-left: 30px !important;}\u00bb]<div class=\"thim-widget-icon-box template-base\"><div class=\"wrapper-box-icon text-left \" ><div class=\"smicon-box iconbox-right\" style=\"--icon-font-size:38px;--icon-color:#ffffff;--icon-width: 80px;--icon-height: 42px;--icon-color-hover:#292929;\"><div class=\"boxes-icon\"><a class=\"icon-box-link\" target=\"_blank\" href=\"\/ovy\/register\"><span class=\"inner-icon\"><span class=\"icon\"><i class=\"fas fa-hand-point-left\"\"><\/i><\/span><\/span><\/span><\/a><\/div><div class=\"content-inner\"><div class=\"sc-heading article_heading\"><h3 class = \"heading__primary\" style=\"--title-color: #ffffff;--title-font-size: 20px;--title-font-weight: 500;--title-margin-bottom: 5px;\"><a class=\"icon-box-link\" target=\"_blank\" href=\"\/ovy\/register\" >INSCR\u00cdBETE AQU\u00cd<\/a><\/h3><\/div><div class=\"desc-icon-box\"><div class=\"desc-content\" style=\"color: #ffffff;font-size: 16px;font-weight: 400;line-height: 23px;\">Estudiantes Nuevos 2024<\/div><\/div><\/div><\/div><\/div><\/div>[\/vc_column][\/vc_row][vc_row][vc_column width=\u00bb1\/2&#8243;][vc_column_text]<iframe loading=\"lazy\" style=\"border: none; overflow: hidden;\" src=\"https:\/\/www.facebook.com\/plugins\/page.php?href=https%3A%2F%2Fweb.facebook.com%2Fcodinsem%2F&amp;tabs=timeline&amp;width=500&amp;height=500&amp;small_header=false&amp;adapt_container_width=true&amp;hide_cover=false&amp;show_facepile=true&amp;appId\" width=\"500\" height=\"500\" frameborder=\"0\" scrolling=\"no\" allowfullscreen=\"allowfullscreen\"><\/iframe>[\/vc_column_text][\/vc_column][vc_column width=\u00bb1\/2&#8243;]<div class=\"thim-widget-heading template-base\"><div class=\"sc_heading  \"><h3 class=\"title\">Videotutorial Prematr\u00edculas y\/o <strong>Reserva de Cupo 2026<\/strong><\/h3><span class=\"line\"><\/span><\/div><\/div>[vc_column_text css=\u00bb\u00bb]<\/p>\n<p style=\"text-align: center;\"><iframe loading=\"lazy\" style=\"border: none; overflow: hidden;\" src=\"https:\/\/www.facebook.com\/plugins\/video.php?height=314&amp;href=https%3A%2F%2Fwww.facebook.com%2Fovycompany%2Fvideos%2F1028383365608382%2F&amp;show_text=false&amp;width=560&amp;t=0\" width=\"560\" height=\"314\" frameborder=\"0\" scrolling=\"no\" allowfullscreen=\"allowfullscreen\"><\/iframe><\/p>\n<p>[\/vc_column_text][\/vc_column][vc_column][vc_zigzag css=\u00bb.vc_custom_1553787417949{margin-top: 15px !important;}\u00bb][\/vc_column][\/vc_row][vc_row][vc_column width=\u00bb1\/2&#8243;]<div class=\"thim-widget-heading template-base\"><div class=\"sc_heading  \"><h3 class=\"title\">Avisos <strong> Importantes<\/strong><\/h3><\/div><\/div><div class=\"thim-widget-testimonials template-testimonials\">\n<div class=\"thim-testimonial-slider image-bottom\" data-activepadding=\"0\" data-time=\"5000\" data-visible=\"5\" data-auto=\"1\" data-mousewheel=\"0\"><div class=\"item\"><div class=\"content\"><div class=\"description\">\"Estamos trabajando con compromiso y responsabilidad para alcanzar la excelencia educativa\"<\/div><h3 class=\"title\">Ovy Company<\/h3><div class=\"regency\">Director<\/div><\/div><div class=\"image\"><img loading=\"lazy\" decoding=\"async\" src=\"https:\/\/codinsem.edu.co\/web\/wp-content\/uploads\/2019\/01\/favicon.png\" alt=\"favicon\" title=\"favicon\"  width=\"32\" height=\"32\" data-skip-lazy><\/div><\/div><\/div><\/div>[\/vc_column][vc_column width=\u00bb1\/2&#8243;]<div class=\"thim-widget-heading template-base\"><div class=\"sc_heading  \"><h3 style=\"color:#292929;font-size:35px;font-weight:600;\" class=\"title\">\u00daltimas <strong>Noticias<\/strong><\/h3><\/div><\/div><div class=\"thim-widget-list-post template-list-post\">\n<div class=\"sc-list-post thim-list-posts home-new\" >\n\t<div class=\"item-post post-12137 post type-post status-publish format-standard hentry category-noticias\">\n\t\t<div class=\"article-title-wrapper\"><h5 class=\"title\"><a href=\"https:\/\/codinsem.edu.co\/web\/informe-de-gestion-2-024\/\" class=\"article-title\">INFORME DE GESTI\u00d3N 2.024<\/a><\/h5><div class=\"article-date\"><i class=\"tk tk-calendar-with-week-focus\"><\/i> 13 febrero, 2025<\/div><div class=\"description\"><p><\/p><\/div><\/div><\/div>\n\t<div class=\"item-post post-12133 post type-post status-publish format-standard hentry category-noticias\">\n\t\t<div class=\"article-title-wrapper\"><h5 class=\"title\"><a href=\"https:\/\/codinsem.edu.co\/web\/rendicion-de-cuentas-2-024\/\" class=\"article-title\">RENDICI\u00d3N DE CUENTAS 2.024<\/a><\/h5><div class=\"article-date\"><i class=\"tk tk-calendar-with-week-focus\"><\/i> 23 enero, 2025<\/div><div class=\"description\"><p><\/p><\/div><\/div><\/div><\/div><\/div>[\/vc_column][\/vc_row][vc_row full_width=\u00bbstretch_row\u00bb][vc_column width=\u00bb1\/3&#8243;]<div class=\"thim-widget-heading template-base\"><div class=\"sc_heading  \"><h3 style=\"color:#292929;font-size:35px;font-weight:600;\" class=\"title\">Nuestra <strong>Misi\u00f3n<\/strong><\/h3><\/div><\/div>[vc_column_text css=\u00bb.vc_custom_1663885428919{margin-bottom: 35px !important;}\u00bb]<\/p>\n<div class=\"textwidget\">\n<p style=\"text-align: left;\">La Instituci\u00f3n Educativa Nuestra Se\u00f1ora de la Merced, de Ragonvalia, de car\u00e1cter oficial, forma personas emprendedoras y futuros l\u00edderes, capaces de desenvolverse en la sociedad, fomentando ambientes de convivencia, paz, y solidaridad, desarrollando sus potencialidades en todas sus dimensiones, ofreciendo educaci\u00f3n incluyente a ni\u00f1os, ni\u00f1as y j\u00f3venes desde el grado preescolar, b\u00e1sica primaria, b\u00e1sica secundaria y educaci\u00f3n media t\u00e9cnica en asistencia administrativa, (por convenio SENA-MEN) y proyecto ser humano de educaci\u00f3n para adultos.<\/p>\n<\/div>\n<p>[\/vc_column_text]<div class=\"thim-widget-button template-base\"><a class=\"widget-button very-rounded no-border small custom_style\" href=\"https:\/\/codinsem.edu.co\/web\/nuestro-colegio\/\" style=\"--widget-button-font-size: 14px;--widget-button-font-weight: 400;--widget-button-color: #ffffff;--widget-button-background-color: #2ec4b6;--widget-button-color-hover: #ffffff;--widget-button-background-color-hover: #1c9b8e;\"><i class=\"fa fa-plus\" style=\"font-size: 14px;\"><\/i> Informaci\u00f3n<\/a><\/div>[\/vc_column][vc_column width=\u00bb1\/3&#8243;]<div class=\"thim-widget-heading template-base\"><div class=\"sc_heading  text-center\"><h3 style=\"color:#292929;font-size:35px;font-weight:600;\" class=\"title\">Nuestra <strong>Bandera<\/strong><\/h3><\/div><\/div>[vc_single_image image=\u00bb11978&#8243; alignment=\u00bbcenter\u00bb][vc_column_text]<\/p>\n<p style=\"text-align: center;\">Encarna nuestro ancestro cultural en la b\u00fasqueda de horizontes despejados que os lleven a perfeccionar el conocimiento por ese campo extenso de la sabidur\u00eda.<\/p>\n<p>[\/vc_column_text][\/vc_column][vc_column width=\u00bb1\/3&#8243;]<div class=\"thim-widget-heading template-base\"><div class=\"sc_heading  text-center\"><h3 style=\"color:#292929;font-size:35px;font-weight:600;\" class=\"title\">Nuestra<strong> Visi\u00f3n <\/strong><\/h3><\/div><\/div>[vc_column_text]Para el a\u00f1o 2024 la Instituci\u00f3n Educativa \u2013 \u201cEl COLEGIO NUESTRA SE\u00d1ORA DE LA MERCED\u201d, ser\u00e1 l\u00edder en la formaci\u00f3n integral y de calidad de la juventud Ragonvalense , en sus aspectos humanos, t\u00e9cnicos, cient\u00edficos y acad\u00e9micos, propendiendo por el desarrollo de la mentalidad empresarial en articulaci\u00f3n de nuestros procesos educativos con el mundo laboral y productivo posibilitando su acceso a la Educaci\u00f3n Superior, como aporte significativo de nuestra instituci\u00f3n a la sociedad caracteriz\u00e1ndose por ser la mejor instituci\u00f3n t\u00e9cnica de la regi\u00f3n.[\/vc_column_text][\/vc_column][\/vc_row][vc_row full_width=\u00bbstretch_row\u00bb disable_element=\u00bbyes\u00bb css=\u00bb.vc_custom_1560011388305{margin-bottom: 0px !important;padding-top: 60px !important;padding-bottom: 60px !important;background-color: #353866 !important;}\u00bb][vc_column width=\u00bb1\/4&#8243; css=\u00bb.vc_custom_1532062830416{padding-top: 0px !important;}\u00bb]<div class=\"vc-extral_class home-grad\"><div class=\"thim-widget-counters-box template-base\"><div class=\"counter-box home-page\" style=\"\"><div class=\"content-box-percentage\">\n\t\t<div class=\"wrap-percentage\">\n\t\t<div class=\"display-percentage\" data-percentage=\"95\" >95<\/div><div class=\"text_number\">%<\/div><\/div><div class=\"counter-content-container\"><div class=\"counter-box-content\" style=\"\">Estudiantes Aprobados<\/div><\/div><\/div><\/div><\/div><\/div>[\/vc_column][vc_column width=\u00bb1\/4&#8243; css=\u00bb.vc_custom_1549114450977{padding-top: 0px !important;}\u00bb]<div class=\"vc-extral_class home-grad\"><div class=\"thim-widget-counters-box template-base\"><div class=\"counter-box home-page\" style=\"\"><div class=\"content-box-percentage\">\n\t\t<div class=\"wrap-percentage\">\n\t\t<div class=\"display-percentage\" data-percentage=\"60\" >60<\/div><div class=\"text_number\">K<\/div><\/div><div class=\"counter-content-container\"><div class=\"counter-box-content\" style=\"\">Estudiantes Atendidos<\/div><\/div><\/div><\/div><\/div><\/div>[\/vc_column][vc_column width=\u00bb1\/4&#8243; css=\u00bb.vc_custom_1532062843476{padding-top: 0px !important;}\u00bb]<div class=\"vc-extral_class home-grad\"><div class=\"thim-widget-counters-box template-base\"><div class=\"counter-box home-page\" style=\"\"><div class=\"content-box-percentage\">\n\t\t<div class=\"wrap-percentage\">\n\t\t<div class=\"display-percentage\" data-percentage=\"3200\" >3200<\/div><div class=\"text_number\"><\/div><\/div><div class=\"counter-content-container\"><div class=\"counter-box-content\" style=\"\">Estudiantes Graduados<\/div><\/div><\/div><\/div><\/div><\/div>[\/vc_column][vc_column width=\u00bb1\/4&#8243; css=\u00bb.vc_custom_1532062850425{padding-top: 0px !important;}\u00bb]<div class=\"vc-extral_class home-grad\"><div class=\"thim-widget-counters-box template-base\"><div class=\"counter-box home-page\" style=\"\"><div class=\"content-box-percentage\">\n\t\t<div class=\"wrap-percentage\">\n\t\t<div class=\"display-percentage\" data-percentage=\"45\" >45<\/div><div class=\"text_number\"><\/div><\/div><div class=\"counter-content-container\"><div class=\"counter-box-content\" style=\"\">A\u00f1os de Historia<\/div><\/div><\/div><\/div><\/div><\/div>[\/vc_column][\/vc_row][vc_row content_placement=\u00bbmiddle\u00bb css=\u00bb.vc_custom_1742315778967{margin-top: 30px !important;background-image: url(https:\/\/codinsem.edu.co\/web\/wp-content\/uploads\/2025\/03\/Teprot.png?id=12146) !important;background-position: center !important;background-repeat: no-repeat !important;background-size: cover !important;}\u00bb el_id=\u00bb#teprotejo\u00bb][vc_column width=\u00bb1\/3&#8243;][\/vc_column][vc_column width=\u00bb1\/3&#8243;]<div class=\"thim-widget-heading template-base\"><div class=\"sc_heading  text-center\"><h3 style=\"color:#1e73be;font-size:20px;font-weight:bold;\" class=\"title\">TeGu\u00edo<\/h3><\/div><\/div>[vc_column_text css=\u00bb\u00bb]<\/p>\n<p style=\"text-align: center;\">Si tienes dudas sobre l\u00edmites en las relaciones, consentimiento, contacto con material de explotaci\u00f3n sexual de ni\u00f1as, ni\u00f1os y adolescentes, preocupaciones sobre los intereses, comentarios o comportamientos sexuales de alguien menor de 18 a\u00f1os, en Te Gu\u00edo est\u00e1 bien preguntar.<\/p>\n<p>[\/vc_column_text][vc_btn title=\u00bbVisitar Sitio\u00bb style=\u00bb3d\u00bb color=\u00bbprimary\u00bb size=\u00bbsm\u00bb align=\u00bbcenter\u00bb i_icon_fontawesome=\u00bbfas fa-external-link-alt\u00bb css=\u00bb\u00bb add_icon=\u00bbtrue\u00bb link=\u00bburl:https%3A%2F%2Fwww.teguiocolombia.org%2Findex.html|target:_blank\u00bb][\/vc_column][vc_column width=\u00bb1\/3&#8243;][\/vc_column][\/vc_row][vc_row css=\u00bb.vc_custom_1548794962314{padding-top: 0px !important;padding-bottom: 0px !important;}\u00bb][vc_column][vc_separator]<div class=\"thim-widget-gallery-posts template-gallery-posts\">\n\n\t\t<div class=\"wrapper-filter-controls\">\n\t\t<ul class=\"filter-controls\">\n\t\t\t<li>\n\t\t\t\t<a class=\"filter active\" data-filter=\"*\" href=\"javascript:;\">Todos<\/a>\n\t\t\t<\/li>\n\t\t\t<li><a class=\"filter\" href=\"javascript:;\" data-filter=\".filter-3470\">Celebraciones<\/a><\/li><li><a class=\"filter\" href=\"javascript:;\" data-filter=\".filter-3471\">Izadas de Bandera<\/a><\/li><li><a class=\"filter\" href=\"javascript:;\" data-filter=\".filter-3472\">Interclases<\/a><\/li><li><a class=\"filter\" href=\"javascript:;\" data-filter=\".filter-3467\">Noticias<\/a><\/li>\t\t<\/ul>\n\t<\/div>\n\n\t<div class=\"wrapper-gallery-filter row\" itemscope itemtype=\"http:\/\/schema.org\/ItemList\">\n\t\t<div class=\"item_gallery col-sm-4 item_post filter-3470 filter-3471\"><a class=\"thim-gallery-popup\" href=\"#\" data-id=\"12090\"><img decoding=\"async\" src=\"https:\/\/codinsem.edu.co\/web\/wp-content\/uploads\/2019\/01\/demo_image.jpg\" alt=\"IZADA DE BANDERA 8\u00b0B DIA DOCENTE Y ADMINISTRATIVO\" title=\"demo_image\" ><\/a><\/div><div class=\"item_gallery col-sm-4 item_post filter-3472\"><a class=\"thim-gallery-popup\" href=\"#\" data-id=\"12052\"><img decoding=\"async\" src=\"https:\/\/codinsem.edu.co\/web\/wp-content\/uploads\/2019\/01\/demo_image.jpg\" alt=\"INTERCLASES 2.023\" title=\"demo_image\" ><\/a><\/div><div class=\"item_gallery col-sm-4 item_post filter-3470 filter-3467\"><a class=\"thim-gallery-popup\" href=\"#\" data-id=\"12015\"><img decoding=\"async\" src=\"https:\/\/codinsem.edu.co\/web\/wp-content\/uploads\/2019\/01\/demo_image.jpg\" alt=\"GOBIERNO ESCOLAR 2.023\" title=\"demo_image\" ><\/a><\/div>\t<\/div>\n\t<div class=\"thim-gallery-show\"><\/div>\n\n\t<\/div>[\/vc_column][\/vc_row][vc_row full_width=\u00bbstretch_row\u00bb css=\u00bb.vc_custom_1742316227046{padding-top: 80px !important;padding-bottom: 80px !important;background-color: #71cefc !important;}\u00bb][vc_column css=\u00bb.vc_custom_1532076559485{padding-top: 0px !important;}\u00bb]<div class=\"vc-extral_class wpb_animate_when_almost_visible wpb_fadeInUp fadeInUp\"><div class=\"thim-widget-gallery-images template-base\"><div class=\"thim-carousel-wrapper gallery-img\" data-visible=\"3\" data-itemtablet=\"3\" data-itemmobile=\"3\" data-autoplay=\"0\" data-navigation=\"1\" data-pagination=\"1\" data-loop=\"true\"><div class=\"item\"><a target=_blank href=\"https:\/\/teprotejocolombia.org\/\"><img loading=\"lazy\" decoding=\"async\" width=\"412\" height=\"150\" src=\"https:\/\/codinsem.edu.co\/web\/wp-content\/uploads\/2025\/03\/TEPROTEJO.png\" class=\"attachment-full size-full\" alt=\"\" srcset=\"https:\/\/codinsem.edu.co\/web\/wp-content\/uploads\/2025\/03\/TEPROTEJO.png 412w, https:\/\/codinsem.edu.co\/web\/wp-content\/uploads\/2025\/03\/TEPROTEJO-300x109.png 300w\" sizes=\"auto, (max-width: 412px) 100vw, 412px\" \/><\/a><\/div><div class=\"item\"><a target=_blank href=\"https:\/\/www.sena.edu.co\/es-co\/Paginas\/default.aspx\"><img loading=\"lazy\" decoding=\"async\" width=\"108\" height=\"150\" src=\"https:\/\/codinsem.edu.co\/web\/wp-content\/uploads\/2025\/03\/ICFES.png\" class=\"attachment-full size-full\" alt=\"\" \/><\/a><\/div><div class=\"item\"><a target=_blank href=\"https:\/\/www.icfes.gov.co\/\"><img loading=\"lazy\" decoding=\"async\" width=\"153\" height=\"150\" src=\"https:\/\/codinsem.edu.co\/web\/wp-content\/uploads\/2025\/03\/logoSena-e1737411421366.png\" class=\"attachment-full size-full\" alt=\"\" \/><\/a><\/div><\/div><\/div><\/div>[\/vc_column][\/vc_row]<\/p>\n<\/div>","protected":false},"excerpt":{"rendered":"<p>[vc_row full_width=\u00bbstretch_row\u00bb css=\u00bb.vc_custom_1648825889616{margin-bottom: 0px !important;}\u00bb][vc_column][rev_slider_vc alias=\u00bbhome-page\u00bb][\/vc_column][\/vc_row][vc_row css=\u00bb.vc_custom_1705000783120{margin-top: -90px !important;background-color: #eee0cd !important;}\u00bb el_class=\u00bbrow_relative\u00bb][vc_column width=\u00bb2\/3&#8243; css=\u00bb.vc_custom_1532058844902{padding-top: 0px !important;}\u00bb][vc_row_inner css=\u00bb.vc_custom_1532058886594{margin-bottom: 0px !important;padding-top: 35px !important;padding-right: 20px !important;padding-bottom: 30px !important;padding-left: 20px !important;}\u00bb][vc_column_inner width=\u00bb1\/3&#8243;][\/vc_column_inner][vc_column_inner width=\u00bb1\/3&#8243;][\/vc_column_inner][vc_column_inner width=\u00bb1\/3&#8243;][\/vc_column_inner][\/vc_row_inner][\/vc_column][vc_column width=\u00bb1\/3&#8243; el_class=\u00bbfeature-icon-box\u00bb css=\u00bb.vc_custom_1532058945916{padding-top: 35px !important;padding-right: 0px !important;padding-bottom: 33px !important;padding-left: 30px &hellip; <\/p>\n","protected":false},"author":1,"featured_media":0,"parent":0,"menu_order":0,"comment_status":"closed","ping_status":"closed","template":"page-templates\/homepage.php","meta":{"footnotes":""},"class_list":["post-10591","page","type-page","status-publish","hentry"],"_links":{"self":[{"href":"https:\/\/codinsem.edu.co\/web\/wp-json\/wp\/v2\/pages\/10591","targetHints":{"allow":["GET"]}}],"collection":[{"href":"https:\/\/codinsem.edu.co\/web\/wp-json\/wp\/v2\/pages"}],"about":[{"href":"https:\/\/codinsem.edu.co\/web\/wp-json\/wp\/v2\/types\/page"}],"author":[{"embeddable":true,"href":"https:\/\/codinsem.edu.co\/web\/wp-json\/wp\/v2\/users\/1"}],"replies":[{"embeddable":true,"href":"https:\/\/codinsem.edu.co\/web\/wp-json\/wp\/v2\/comments?post=10591"}],"version-history":[{"count":132,"href":"https:\/\/codinsem.edu.co\/web\/wp-json\/wp\/v2\/pages\/10591\/revisions"}],"predecessor-version":[{"id":12200,"href":"https:\/\/codinsem.edu.co\/web\/wp-json\/wp\/v2\/pages\/10591\/revisions\/12200"}],"wp:attachment":[{"href":"https:\/\/codinsem.edu.co\/web\/wp-json\/wp\/v2\/media?parent=10591"}],"curies":[{"name":"wp","href":"https:\/\/api.w.org\/{rel}","templated":true}]}}