{"id":11502,"date":"2019-03-21T15:20:48","date_gmt":"2019-03-21T20:20:48","guid":{"rendered":"https:\/\/soportehys.com\/web\/?page_id=11502"},"modified":"2023-05-30T16:34:53","modified_gmt":"2023-05-30T21:34:53","slug":"nuestro-colegio","status":"publish","type":"page","link":"https:\/\/codinsem.edu.co\/web\/nuestro-colegio\/","title":{"rendered":"Nuestro Colegio"},"content":{"rendered":"<div class=\"wpb-content-wrapper\"><p>[vc_row][vc_column]<div class=\"thim-widget-heading template-base\"><div class=\"sc_heading  text-center\"><h3 style=\"font-size:35px;font-weight:600;\" class=\"title\">Informaci\u00f3n <strong>Institucional<\/strong><\/h3><\/div><\/div>[\/vc_column][\/vc_row][vc_row css=\u00bb.vc_custom_1559531433775{margin-bottom: 15px !important;}\u00bb][vc_column width=\u00bb5\/12&#8243; css=\u00bb.vc_custom_1553219212365{margin-bottom: 30px !important;}\u00bb][vc_column_text]<\/p>\n<h3 class=\"thim-text-title\">Misi\u00f3n<\/h3>\n<p>La Instituci\u00f3n Educativa Nuestra Se\u00f1ora de la Merced, de Ragonvalia, de car\u00e1cter oficial, forma personas emprendedoras y futuros l\u00edderes, capaces de desenvolverse en la sociedad, fomentando ambientes de convivencia, paz, y solidaridad, desarrollando sus potencialidades en todas sus dimensiones, ofreciendo educaci\u00f3n incluyente a ni\u00f1os, ni\u00f1as y j\u00f3venes desde el grado preescolar, b\u00e1sica primaria, b\u00e1sica secundaria y educaci\u00f3n media t\u00e9cnica en asistencia administrativa, (por convenio SENA-MEN) y proyecto ser humano de educaci\u00f3n para adultos.[\/vc_column_text][\/vc_column][vc_column width=\u00bb7\/12&#8243; css=\u00bb.vc_custom_1553219224890{margin-bottom: 30px !important;}\u00bb][vc_column_text]<\/p>\n<h3 class=\"thim-text-title\">Visi\u00f3n<\/h3>\n<p>Para el a\u00f1o 2024 la Instituci\u00f3n Educativa \u2013 \u201cEl COLEGIO NUESTRA SE\u00d1ORA DE LA MERCED\u201d, ser\u00e1 l\u00edder en la formaci\u00f3n integral y de calidad de la juventud Ragonvalense , en sus aspectos humanos, t\u00e9cnicos, cient\u00edficos y acad\u00e9micos, propendiendo por el desarrollo de la mentalidad empresarial en articulaci\u00f3n de nuestros procesos educativos con el mundo laboral y productivo posibilitando su acceso a la Educaci\u00f3n Superior, como aporte significativo de nuestra instituci\u00f3n a la sociedad caracteriz\u00e1ndose por ser la mejor instituci\u00f3n t\u00e9cnica de la regi\u00f3n.[\/vc_column_text][\/vc_column][\/vc_row][vc_row][vc_column][vc_tta_tabs][vc_tta_section title=\u00bbOBJETIVOS Y VALORES\u00bb tab_id=\u00bb1553201553639-a4a157b2-0618&#8243;][vc_column_text]<\/p>\n<h3 class=\"thim-text-title\">Objetivos Institucionales<\/h3>\n<p>En el desarrollo del proyecto educativo institucional en cuanto a los procesos de aprendizaje, de convivencia, de gesti\u00f3n y administraci\u00f3n, de desarrollo institucional e impacto social se persiguen los siguientes:<\/p>\n<p>\u2022 Contribuir al desarrollo equilibrado del individuo promoviendo su participaci\u00f3n consciente y responsable como miembro de la familia y grupo social.<\/p>\n<p>\u2022 Desarrollar en la persona la capacidad cr\u00edtica y anal\u00edtica del esp\u00edritu cient\u00edfico mediante el proceso de adquisici\u00f3n de los principios y m\u00e9todos en cada una de las \u00e1reas del conocimiento.<\/p>\n<p>\u2022 Fomentar en el educando la formaci\u00f3n de actitudes y h\u00e1bitos permanentes de su preparaci\u00f3n que lo motiven a continuar la educaci\u00f3n a trav\u00e9s de su vida.<\/p>\n<p>\u2022 Estimular el desarrollo vocacional y la formaci\u00f3n profesional de acuerdo con las actitudes y aspiraciones de la persona y las necesidades de la sociedad inculcando aprecio por el trabajo honesto cualquiera que sea su naturaleza.<\/p>\n<p>\u2022 Lograr que el estudiante asuma como responsabilidad su vocaci\u00f3n de ciudadano y el compromiso c\u00edvico como impulsador de la comunidad humana en el campo de la justicia social.<\/p>\n<p>\u2022 Realizar procesos de gesti\u00f3n y administraci\u00f3n, efectivos y participativos, garantes de un desarrollo institucional regidos por principios de presentaci\u00f3n, colectividad, coadministraci\u00f3n, mejoramiento continuo y sentido de pertenencia.<\/p>\n<p>\u2022 Implementar propuestas pedag\u00f3gicas que se articulen al modelo pedag\u00f3gico conceptual e integrar los contenidos de las \u00e1reas fundamentales con los ejes tem\u00e1ticos de la especialidad generando aprendizajes significativos que conlleven a la formaci\u00f3n integral de los estudiantes.<\/p>\n<p>\u2022 Conocer, organizar y comprometer los diferentes estamentos de la comunidad educativa, como pilar fundamental sobre la que se consolida un concepto de educaci\u00f3n pertinente, contextualizada e integradora.<\/p>\n<p>\u2022 Garantizar la sostenibilidad institucional, mediante un alto \u00edndice de competitividad por la calidad de los servicios, tanto en el orden acad\u00e9mico como el humano.<\/p>\n<p>\u2022 Interiorizar y vivenciar valores dentro de un concepto de ciudadan\u00eda, desarrollo de competencias y habilidades como respuesta significativa a las necesidades del contexto.<\/p>\n<p>\u2022 Formar bachilleres competentes laboralmente que dentro del contexto comercial pueda mejorar sus condiciones de vida y desenvolverse eficazmente dentro del medio y continuar sus estudios superiores.<\/p>\n<p>\u2022 Implementar acciones tendientes a la cualificaci\u00f3n de la educaci\u00f3n que ofrece el plantel en todos los niveles, para mejorar progresivamente los resultados de las pruebas saber.<\/p>\n<p>\u2022 Demostrar conciencia ecol\u00f3gica mejorando el comportamiento, las relaciones de los estudiantes, consigo mismo, con las dem\u00e1s personas y con el medio ambiente y adecuar las instalaciones para el desarrollo y cumplimiento de la misi\u00f3n y el alcance de la visi\u00f3n propuesta.<\/p>\n<p>\u2022 Concientizar a la comunidad educativa sobre la importancia de vivenciar principios y valores como base de la convivencia y transformaci\u00f3n social<\/p>\n<p>&nbsp;<\/p>\n<h3 class=\"thim-text-title\">Valores Institucionales<\/h3>\n<p>Con el firme convencimiento en la necesidad de promover el respeto a la dignidad humana a los dem\u00e1s, consigo mismo, con Dios y con la naturaleza, a trav\u00e9s de la convivencia diaria, la participaci\u00f3n, la democracia, el trabajo en equipo la comunicaci\u00f3n respetando diversos puntos de vista y fortaleciendo un ambiente de confianza y motivaci\u00f3n hacia la b\u00fasqueda del conocimiento se fomentan en la instituci\u00f3n los siguientes valores:<\/p>\n<p><strong>Creatividad:<\/strong><\/p>\n<p>Considerando la trascendencia del ser humano en la cual el trabajo dej\u00f3 de ser manual, y pas\u00f3 a ser mec\u00e1nico y t\u00e9cnico, se hace necesario estimular las potencialidades de los educandos; para atender a esta necesidad de la \u00e9poca los docentes encauzan su labor pedag\u00f3gica a despertar en los discentes la capacidad de asombro y admiraci\u00f3n suscitando as\u00ed, momentos propicios en el ambiente estudiantil para la originalidad, la novedad, y transformaci\u00f3n tecnol\u00f3gica, social, laboral, a creer en s\u00ed mismos y en sus capacidades y promover el sentido del progreso.<\/p>\n<p><strong>Emprendimiento: <\/strong><\/p>\n<p>Se visiona este valor por ser de gran trascendencia para satisfacer las necesidades del mundo actual, como un aporte significativo de nuestra instituci\u00f3n. Por ello se requiere que los docentes aviven el esp\u00edritu de b\u00fasqueda de algo nuevo en los aprendientes, revisando y adaptando las condiciones, oportunidades y \/o posibilidades para generar empresa o unidades de negocio, aceptando el riesgo como parte inherente de todo cuanto se hace, y cada dificultad asumirla como un reto y no como un bloqueo.<\/p>\n<p><strong> Responsabilidad:<\/strong><\/p>\n<p>Buscando el crecimiento personal de los miembros de la comunidad Codinsemita consideramos este valor irremplazable, pues permite al joven interactuar, comprometerse y aceptar las consecuencias de un hecho libremente realizado. El estudiante responsable siempre se esfuerza por hacerlo todo bien.<\/p>\n<p><strong>Solidaridad: <\/strong><\/p>\n<p>Cultivando este valor Codinsemita se permitir\u00e1 a los j\u00f3venes tener un sentimiento com\u00fan, disponiendo siempre del \u00e1nimo para actuar con sentido de comunidad, quien es solidario experimentara la satisfacci\u00f3n de mirar en cada ser a un hermano y en cada hermano la posibilidad de crecer en el servicio y realizar su encuentro personal con el otro, \u00fanica manera de perfeccionar su propia dimensi\u00f3n personal.<\/p>\n<p><strong> Respeto: <\/strong><\/p>\n<p>Considerar a los dem\u00e1s y mejorar las relaciones interpersonales con un fin integrador que permita un eficiente desenvolvimiento en las labores institucionales.<\/p>\n<p><strong> Responsabilidad: <\/strong><\/p>\n<p>Ejecutar a tiempo y con pertinencia los trabajos encomendados y cumplir con los objetivos institucionales hacia la misi\u00f3n y visi\u00f3n establecidas.<\/p>\n<p><strong> Solidaridad:<\/strong> Realizar un trabajo mancomunado acorde a los avances de la ciencia, tecnolog\u00eda y cultura del mundo. Tolerancia: Actuar con paciencia y flexibilidad en la toma de decisiones, con respeto a las ideas y creencias de los dem\u00e1s, en bien de la Comunidad Educativa.<\/p>\n<p><strong>Veracidad:<\/strong><\/p>\n<p>El decir la verdad es una parte de la sinceridad, pero implica tambi\u00e9n \u201cactuar\u201d conforme a la verdad, mostrarnos \u201ccomo somos en la realidad\u201d, es ser congruentes entre lo que decimos, hacemos y pensamos, esto se logra con el conocimiento y la aceptaci\u00f3n de nuestras cualidades y limitaciones. Ser veraz, exige responsabilidad en lo que decimos, imaginamos y hacemos.<\/p>\n<p><strong> Puntualidad: <\/strong><\/p>\n<p>Actuar con diligencia y certeza en todas las actividades, con el fin de aprovechar el tiempo y optimizar los recursos disponibles en la Instituci\u00f3n Educativa.<\/p>\n<p><strong>Amor: <\/strong><\/p>\n<p>Amar es la capacidad de reconocer p\u00fablicamente los m\u00e9ritos y la dignidad de querer el bien para el otro, es querer tambi\u00e9n mi propio bien, porque es lo que el otro quiere; entonces, corresponder a quien ama es tener la voluntad de dar, de aqu\u00ed nace el sentido del agradecimiento, la gratitud, el respeto, la apertura que favorece nuestra convivencia comunitaria y social; de esta manera el amor se configura en toda su plenitud, don, regalo gratuito, beneficio, identificaci\u00f3n, respeto, di\u00e1logo, entendimiento, dolor, pero con sentido de entrega a los dem\u00e1s.<\/p>\n<p><strong> Unidad: <\/strong><\/p>\n<p>Como nuestro himno lo profesa cada uno es un elemento importante de esa gran familia Codinsemita, a trav\u00e9s de esta se promueve el trabajo en equipo en b\u00fasqueda del bien com\u00fan.[\/vc_column_text][\/vc_tta_section][vc_tta_section title=\u00bbFILOSOF\u00cdA Y PRINCIPIOS\u00bb tab_id=\u00bb1553201553661-4cb8a9a4-11b5&#8243;][vc_column_text]<\/p>\n<h3 class=\"thim-text-title\">Filosof\u00eda y Principios Institucionales<\/h3>\n<p>Formar personas integras orientadas para enfrentarse a las diversas situaciones y etapas de la vida, capaces de ayudar a construir una Colombia pac\u00edfica y justa en la cual todos tengan igualdad de derechos, deberes y oportunidades encaminadas a la pr\u00e1ctica del trabajo, la recreaci\u00f3n y el deporte, la protecci\u00f3n del medio ambiente, el mejoramiento moral, social, pol\u00edtico, econ\u00f3mico religioso, cultural, cient\u00edfico, investigativo, tecnol\u00f3gico y laboral. fundamenta su Misi\u00f3n, en el reconocimiento del estudiante, as\u00ed como de los dem\u00e1s miembros que integran la Comunidad Educativa, como PERSONAS, en las cuales se dan, y deben perfeccionarse cada d\u00eda unas dimensiones tales como son: Dignidad, autonom\u00eda, esp\u00edritu encarnado, principio unificador, car\u00e1cter relacional, trascendencia y compromiso con el mundo.[\/vc_column_text][\/vc_tta_section][vc_tta_section title=\u00bbPOL\u00cdTICA Y OBJETIVOS DE CALIDAD\u00bb tab_id=\u00bb1553202116208-8d028f78-28a5&#8243;][vc_column_text]<\/p>\n<h3 class=\"thim-text-title\">METAS INSTITUCIONALES<\/h3>\n<h3 class=\"thim-text-title\">\u2022 Garantizar la apropiaci\u00f3n del direccionamiento y el establecimiento de metas colectivas que sirvan de gu\u00eda a la acci\u00f3n institucional.<\/h3>\n<h3 class=\"thim-text-title\">\u2022 Crear estrategias para coordinar acciones entre los procesos al interior de la instituci\u00f3n para compartir y socializar el conocimiento que se genera.<\/h3>\n<h3 class=\"thim-text-title\">\u2022 Facilitar la convivencia arm\u00f3nica entre los diferentes miembros de la comunidad educativa.<\/h3>\n<h3 class=\"thim-text-title\">\u2022 Promover los procesos de participaci\u00f3n de la comunidad educativa desde los directivos, consejo acad\u00e9mico y directivo, tanto en la proyecci\u00f3n de la instituci\u00f3n como en la orientaci\u00f3n y seguimiento del PEI.<\/h3>\n<h3 class=\"thim-text-title\">\u2022 Garantizar la formaci\u00f3n integral, en valores, actitudes y comportamientos tendientes a la consolidaci\u00f3n del proyecto de vida de los estudiantes como ciudadanos.<\/h3>\n<p>[\/vc_column_text][\/vc_tta_section][vc_tta_section title=\u00bbENFOQUE PEDAG\u00d3GICO\u00bb tab_id=\u00bb1553203450656-a52e943b-1e54&#8243;][vc_column_text]<\/p>\n<h3 class=\"thim-text-title\">Enfoque Pedag\u00f3gico<\/h3>\n<p>El enfoque pedag\u00f3gic&#8230;[\/vc_column_text][\/vc_tta_section][vc_tta_section title=\u00bbMANUAL DE CONVIVENCIA\u00bb tab_id=\u00bb1685482238287-82c26c51-a453&#8243;][\/vc_tta_section][\/vc_tta_tabs][\/vc_column][\/vc_row][vc_row css=\u00bb.vc_custom_1663886268066{background-color: #ebf0f4 !important;}\u00bb][vc_column][vc_row_inner][vc_column_inner]<div class=\"thim-widget-heading template-base\"><div class=\"sc_heading  text-center\"><h3 class=\"title\"><strong>Himno<\/strong> Institucional<\/h3><p class=\"sub-heading\" style=\"\">Canto de esperanza, amor y elocuencia juvenil. Entrega total del entendimiento a Dios, inspirado en la Uni\u00f3n del \u201cCODINSEMITA\u201d para rendirle culto y alabanza bajo el don preciado del saber.<\/p><span class=\"line\"><\/span><\/div><\/div>[\/vc_column_inner][\/vc_row_inner][vc_row_inner][vc_column_inner width=\u00bb1\/3&#8243;]<div class=\"thim-widget-heading template-base\"><div class=\"sc_heading  text-center\"><h3 class=\"title\">CORO<\/h3><span class=\"line\"><\/span><\/div><\/div>[vc_column_text]<\/p>\n<div style=\"text-align: center;\">Brilla en el cielo una esperanza:<\/div>\n<div style=\"text-align: center;\">La mano de DIOS en su poder.<\/div>\n<div style=\"text-align: center;\">UNION pregona nuestro heraldo,<\/div>\n<div style=\"text-align: center;\">Unidos marchemos al SABER<\/div>\n<p>[\/vc_column_text]<div class=\"thim-widget-heading template-base\"><div class=\"sc_heading  text-center\"><h3 class=\"title\">III<\/h3><span class=\"line\"><\/span><\/div><\/div>[vc_column_text]<\/p>\n<div style=\"text-align: center;\">Di\u00e1fana fuente cristalina<br \/>\nvisi\u00f3n del maestro en su verdad<br \/>\nsaber, estudio y disciplina<br \/>\nConllevan al hombre a progresar.<br \/>\nLimpia tu mente ensombrecida,<br \/>\nPrepara la propia libertad,<br \/>\nVenid, con gozo indescriptible<br \/>\nAl aula nos da prosperidad.<\/div>\n<p>[\/vc_column_text][\/vc_column_inner][vc_column_inner width=\u00bb1\/3&#8243;]<div class=\"thim-widget-heading template-base\"><div class=\"sc_heading  text-center\"><h3 class=\"title\">I<\/h3><span class=\"line\"><\/span><\/div><\/div>[vc_column_text]<\/p>\n<div style=\"text-align: center;\">Viva llama el libro encierra,<\/div>\n<div style=\"text-align: center;\">Compendio furtivo entre el laurel;<\/div>\n<div style=\"text-align: center;\">La sabia historia de esta tierra<\/div>\n<div style=\"text-align: center;\">Palpita en el nombre CODINSEM.<\/div>\n<div style=\"text-align: center;\">Hombres virtuosos en la ciencia<\/div>\n<div style=\"text-align: center;\">Requiere Colombia con fervor<\/div>\n<div style=\"text-align: center;\">Y aqu\u00ed en los claustros del<\/div>\n<div style=\"text-align: center;\">Colegio Retumba la voz de ese clamor.<\/div>\n<p>[\/vc_column_text]<div class=\"thim-widget-heading template-base\"><div class=\"sc_heading  text-center\"><h3 class=\"title\">IV<\/h3><span class=\"line\"><\/span><\/div><\/div>[vc_column_text]<\/p>\n<div style=\"text-align: center;\">Virgen Reina inmaculada,<br \/>\nConsuelo del triste en su aflicci\u00f3n,<br \/>\nProt\u00e9geme madre adorada<br \/>\nY dadnos tu santa bendici\u00f3n<br \/>\nLirio blanco que en cielo<br \/>\nEspl\u00e9ndida ostentas gran poder,<br \/>\nPor TI logramos nuestro anelo,<br \/>\nDe TI esperamos tu merced<\/div>\n<p>[\/vc_column_text][\/vc_column_inner][vc_column_inner width=\u00bb1\/3&#8243;]<div class=\"thim-widget-heading template-base\"><div class=\"sc_heading  text-center\"><h3 class=\"title\">II<\/h3><span class=\"line\"><\/span><\/div><\/div>[vc_column_text]<\/p>\n<div style=\"text-align: center;\">Ancho espacio que habitamos<\/div>\n<div style=\"text-align: center;\">\u201cventana del norte al exterior\u201d<\/div>\n<div style=\"text-align: center;\">\u00a1Oh! Patria chica te ofrendamos<\/div>\n<div style=\"text-align: center;\">Un salmo de paz hecho canci\u00f3n.<\/div>\n<div><\/div>\n<div style=\"text-align: center;\">Borran sus versos la ignorancia,<\/div>\n<div style=\"text-align: center;\">nos muestran grandioso porvenir<\/div>\n<div style=\"text-align: center;\">en Dios forjaron su esperanza con El,<\/div>\n<div style=\"text-align: center;\">la raz\u00f3n de su existir<\/div>\n<p>[\/vc_column_text]<div class=\"thim-widget-heading template-base\"><div class=\"sc_heading  text-center\"><h3 class=\"title\">Autores<\/h3><span class=\"line\"><\/span><\/div><\/div>[vc_column_text]<\/p>\n<div style=\"text-align: center;\">Letra: Jorge E. Contreras Dur\u00e1n<br \/>\nM\u00fasica: Rafael Pineda<\/div>\n<p>[\/vc_column_text][\/vc_column_inner][\/vc_row_inner][\/vc_column][\/vc_row]<\/p>\n<\/div>","protected":false},"excerpt":{"rendered":"<p>[vc_row][vc_column][\/vc_column][\/vc_row][vc_row css=\u00bb.vc_custom_1559531433775{margin-bottom: 15px !important;}\u00bb][vc_column width=\u00bb5\/12&#8243; css=\u00bb.vc_custom_1553219212365{margin-bottom: 30px !important;}\u00bb][vc_column_text] Misi\u00f3n La Instituci\u00f3n Educativa Nuestra Se\u00f1ora de la Merced, de Ragonvalia, de car\u00e1cter oficial, forma personas emprendedoras y futuros l\u00edderes, capaces de desenvolverse en la sociedad, fomentando ambientes de convivencia, paz, y &hellip; <\/p>\n","protected":false},"author":1,"featured_media":0,"parent":0,"menu_order":0,"comment_status":"closed","ping_status":"closed","template":"","meta":{"footnotes":""},"class_list":["post-11502","page","type-page","status-publish","hentry"],"_links":{"self":[{"href":"https:\/\/codinsem.edu.co\/web\/wp-json\/wp\/v2\/pages\/11502","targetHints":{"allow":["GET"]}}],"collection":[{"href":"https:\/\/codinsem.edu.co\/web\/wp-json\/wp\/v2\/pages"}],"about":[{"href":"https:\/\/codinsem.edu.co\/web\/wp-json\/wp\/v2\/types\/page"}],"author":[{"embeddable":true,"href":"https:\/\/codinsem.edu.co\/web\/wp-json\/wp\/v2\/users\/1"}],"replies":[{"embeddable":true,"href":"https:\/\/codinsem.edu.co\/web\/wp-json\/wp\/v2\/comments?post=11502"}],"version-history":[{"count":6,"href":"https:\/\/codinsem.edu.co\/web\/wp-json\/wp\/v2\/pages\/11502\/revisions"}],"predecessor-version":[{"id":12046,"href":"https:\/\/codinsem.edu.co\/web\/wp-json\/wp\/v2\/pages\/11502\/revisions\/12046"}],"wp:attachment":[{"href":"https:\/\/codinsem.edu.co\/web\/wp-json\/wp\/v2\/media?parent=11502"}],"curies":[{"name":"wp","href":"https:\/\/api.w.org\/{rel}","templated":true}]}}